{"id":2609,"date":"2024-08-19T19:35:17","date_gmt":"2024-08-19T22:35:17","guid":{"rendered":"https:\/\/lucianabusico.com\/?page_id=2609"},"modified":"2026-03-17T14:00:57","modified_gmt":"2026-03-17T17:00:57","slug":"obrasbastractasenstock","status":"publish","type":"page","link":"https:\/\/lucianabusico.com\/index.php\/obrasbastractasenstock\/","title":{"rendered":"ABSTRACTAS EN STOCK"},"content":{"rendered":"\n<p class=\"has-text-align-center has-medium-font-size\"><\/p>\n\n\n\n<p class=\"has-text-align-center has-medium-font-size\"><\/p>\n\n\n\n<div style=\"height:52px\" aria-hidden=\"true\" class=\"wp-block-spacer\"><\/div>\n\n\n\n<h1 class=\"wp-block-heading has-text-align-left has-x-large-font-size\"><\/h1>\n\n\n\n<figure class=\"wp-block-gallery has-nested-images columns-default is-cropped wp-block-gallery-1 is-layout-flex wp-block-gallery-is-layout-flex\">\n<figure class=\"wp-block-image size-large\"><img fetchpriority=\"high\" decoding=\"async\" width=\"1024\" height=\"780\" data-id=\"2613\" src=\"https:\/\/lucianabusico.com\/wp-content\/uploads\/2024\/08\/grunge-background-of-blue-wall-abstract-background-free-photo-1-1024x780-1.jpg\" alt=\"\" class=\"wp-image-2613\" srcset=\"https:\/\/lucianabusico.com\/wp-content\/uploads\/2024\/08\/grunge-background-of-blue-wall-abstract-background-free-photo-1-1024x780-1.jpg 1024w, https:\/\/lucianabusico.com\/wp-content\/uploads\/2024\/08\/grunge-background-of-blue-wall-abstract-background-free-photo-1-1024x780-1-300x229.jpg 300w, https:\/\/lucianabusico.com\/wp-content\/uploads\/2024\/08\/grunge-background-of-blue-wall-abstract-background-free-photo-1-1024x780-1-768x585.jpg 768w\" sizes=\"(max-width: 1024px) 100vw, 1024px\" \/><\/figure>\n\n\n\n<figure class=\"wp-block-image size-large\"><img decoding=\"async\" width=\"901\" height=\"1024\" data-id=\"2614\" src=\"https:\/\/lucianabusico.com\/wp-content\/uploads\/2024\/08\/71rOMuiRP8L-901x1024.jpg\" alt=\"\" class=\"wp-image-2614\" srcset=\"https:\/\/lucianabusico.com\/wp-content\/uploads\/2024\/08\/71rOMuiRP8L-901x1024.jpg 901w, https:\/\/lucianabusico.com\/wp-content\/uploads\/2024\/08\/71rOMuiRP8L-264x300.jpg 264w, https:\/\/lucianabusico.com\/wp-content\/uploads\/2024\/08\/71rOMuiRP8L-768x872.jpg 768w, https:\/\/lucianabusico.com\/wp-content\/uploads\/2024\/08\/71rOMuiRP8L.jpg 1236w\" sizes=\"(max-width: 901px) 100vw, 901px\" \/><\/figure>\n<\/figure>\n\n\n\n<div style=\"height:13px\" aria-hidden=\"true\" class=\"wp-block-spacer\"><\/div>\n\n\n\n<h1 class=\"wp-block-heading has-text-align-center\" style=\"font-size:16px;letter-spacing:px\">MEDIDAS: 80X70 T\u00c9CNICA: OLEO SOBRE LIENZO, 2023.<\/h1>\n\n\n\n<h1 class=\"wp-block-heading has-text-align-center has-small-font-size\">Consultar<\/h1>\n\n\n\n<div style=\"height:50px\" aria-hidden=\"true\" class=\"wp-block-spacer\"><\/div>\n\n\n\n<h1 class=\"wp-block-heading has-x-large-font-size\"><\/h1>\n\n\n\n<figure class=\"wp-block-gallery has-nested-images columns-default is-cropped wp-block-gallery-2 is-layout-flex wp-block-gallery-is-layout-flex\">\n<figure class=\"wp-block-image size-large\"><img decoding=\"async\" width=\"1024\" height=\"526\" data-id=\"1655\" src=\"https:\/\/lucianabusico.com\/wp-content\/uploads\/2021\/05\/galerianueva3-1-1024x526.jpg\" alt=\"\" class=\"wp-image-1655\" srcset=\"https:\/\/lucianabusico.com\/wp-content\/uploads\/2021\/05\/galerianueva3-1-1024x526.jpg 1024w, https:\/\/lucianabusico.com\/wp-content\/uploads\/2021\/05\/galerianueva3-1-300x154.jpg 300w, https:\/\/lucianabusico.com\/wp-content\/uploads\/2021\/05\/galerianueva3-1-768x395.jpg 768w, https:\/\/lucianabusico.com\/wp-content\/uploads\/2021\/05\/galerianueva3-1.jpg 1167w\" sizes=\"(max-width: 1024px) 100vw, 1024px\" \/><\/figure>\n\n\n\n<figure class=\"wp-block-image size-large\"><img loading=\"lazy\" decoding=\"async\" width=\"1007\" height=\"1024\" data-id=\"2623\" src=\"https:\/\/lucianabusico.com\/wp-content\/uploads\/2024\/08\/image0-1007x1024.jpeg\" alt=\"\" class=\"wp-image-2623\" srcset=\"https:\/\/lucianabusico.com\/wp-content\/uploads\/2024\/08\/image0-1007x1024.jpeg 1007w, https:\/\/lucianabusico.com\/wp-content\/uploads\/2024\/08\/image0-295x300.jpeg 295w, https:\/\/lucianabusico.com\/wp-content\/uploads\/2024\/08\/image0-768x781.jpeg 768w, https:\/\/lucianabusico.com\/wp-content\/uploads\/2024\/08\/image0-1510x1536.jpeg 1510w, https:\/\/lucianabusico.com\/wp-content\/uploads\/2024\/08\/image0-2014x2048.jpeg 2014w\" sizes=\"(max-width: 1007px) 100vw, 1007px\" \/><\/figure>\n\n\n\n<figure class=\"wp-block-image size-large\"><img loading=\"lazy\" decoding=\"async\" width=\"1007\" height=\"1024\" data-id=\"2905\" src=\"https:\/\/lucianabusico.com\/wp-content\/uploads\/2024\/09\/IMG_2928-1007x1024.jpg\" alt=\"\" class=\"wp-image-2905\" srcset=\"https:\/\/lucianabusico.com\/wp-content\/uploads\/2024\/09\/IMG_2928-1007x1024.jpg 1007w, https:\/\/lucianabusico.com\/wp-content\/uploads\/2024\/09\/IMG_2928-295x300.jpg 295w, https:\/\/lucianabusico.com\/wp-content\/uploads\/2024\/09\/IMG_2928-768x781.jpg 768w, https:\/\/lucianabusico.com\/wp-content\/uploads\/2024\/09\/IMG_2928-1510x1536.jpg 1510w, https:\/\/lucianabusico.com\/wp-content\/uploads\/2024\/09\/IMG_2928-2014x2048.jpg 2014w\" sizes=\"(max-width: 1007px) 100vw, 1007px\" \/><\/figure>\n<\/figure>\n\n\n\n<h1 class=\"wp-block-heading has-text-align-center\" style=\"font-size:13px\">MEDIDAS: 120X100 T\u00c9CNICA: MEDIOS MIXTOS SOBRE LIENZO, 2021.<\/h1>\n\n\n\n<div style=\"height:42px\" aria-hidden=\"true\" class=\"wp-block-spacer\"><\/div>\n\n\n\n<h1 class=\"wp-block-heading has-text-align-center has-small-font-size\"><\/h1>\n\n\n\n<h1 class=\"wp-block-heading has-x-large-font-size\"><\/h1>\n\n\n\n<figure class=\"wp-block-gallery has-nested-images columns-default is-cropped wp-block-gallery-3 is-layout-flex wp-block-gallery-is-layout-flex\">\n<figure class=\"wp-block-image size-large\"><img loading=\"lazy\" decoding=\"async\" width=\"900\" height=\"675\" data-id=\"2629\" src=\"https:\/\/lucianabusico.com\/wp-content\/uploads\/2024\/08\/limpiar-paredes-blancas.jpg\" alt=\"ARTE FUIDO\" class=\"wp-image-2629\" srcset=\"https:\/\/lucianabusico.com\/wp-content\/uploads\/2024\/08\/limpiar-paredes-blancas.jpg 900w, https:\/\/lucianabusico.com\/wp-content\/uploads\/2024\/08\/limpiar-paredes-blancas-300x225.jpg 300w, https:\/\/lucianabusico.com\/wp-content\/uploads\/2024\/08\/limpiar-paredes-blancas-768x576.jpg 768w\" sizes=\"(max-width: 900px) 100vw, 900px\" \/><\/figure>\n\n\n\n<figure class=\"wp-block-image size-large\"><img loading=\"lazy\" decoding=\"async\" width=\"1004\" height=\"682\" data-id=\"2626\" src=\"https:\/\/lucianabusico.com\/wp-content\/uploads\/2024\/08\/paredes-blancas-y-puertas-blancas-luz-natural.jpg\" alt=\"\" class=\"wp-image-2626\" srcset=\"https:\/\/lucianabusico.com\/wp-content\/uploads\/2024\/08\/paredes-blancas-y-puertas-blancas-luz-natural.jpg 1004w, https:\/\/lucianabusico.com\/wp-content\/uploads\/2024\/08\/paredes-blancas-y-puertas-blancas-luz-natural-300x204.jpg 300w, https:\/\/lucianabusico.com\/wp-content\/uploads\/2024\/08\/paredes-blancas-y-puertas-blancas-luz-natural-768x522.jpg 768w\" sizes=\"(max-width: 1004px) 100vw, 1004px\" \/><\/figure>\n\n\n\n<figure data-wp-context=\"{&quot;uploadedSrc&quot;:&quot;https:\\\/\\\/lucianabusico.com\\\/wp-content\\\/uploads\\\/2024\\\/08\\\/IIIIIIIIIIIII.png&quot;,&quot;figureClassNames&quot;:&quot;wp-block-image size-large&quot;,&quot;figureStyles&quot;:null,&quot;imgClassNames&quot;:&quot;wp-image-2628&quot;,&quot;imgStyles&quot;:null,&quot;targetWidth&quot;:2016,&quot;targetHeight&quot;:2016,&quot;scaleAttr&quot;:false,&quot;ariaLabel&quot;:&quot;Ampliar la imagen&quot;,&quot;alt&quot;:&quot;&quot;}\" data-wp-interactive=\"core\/image\" class=\"wp-block-image size-large wp-lightbox-container\"><img loading=\"lazy\" decoding=\"async\" width=\"1024\" height=\"1024\" data-wp-init=\"callbacks.setButtonStyles\" data-wp-on--click=\"actions.showLightbox\" data-wp-on--load=\"callbacks.setButtonStyles\" data-wp-on-window--resize=\"callbacks.setButtonStyles\" data-id=\"2628\" src=\"https:\/\/lucianabusico.com\/wp-content\/uploads\/2024\/08\/IIIIIIIIIIIII-1024x1024.png\" alt=\"\" class=\"wp-image-2628\" srcset=\"https:\/\/lucianabusico.com\/wp-content\/uploads\/2024\/08\/IIIIIIIIIIIII-1024x1024.png 1024w, https:\/\/lucianabusico.com\/wp-content\/uploads\/2024\/08\/IIIIIIIIIIIII-300x300.png 300w, https:\/\/lucianabusico.com\/wp-content\/uploads\/2024\/08\/IIIIIIIIIIIII-150x150.png 150w, https:\/\/lucianabusico.com\/wp-content\/uploads\/2024\/08\/IIIIIIIIIIIII-768x768.png 768w, https:\/\/lucianabusico.com\/wp-content\/uploads\/2024\/08\/IIIIIIIIIIIII-1536x1536.png 1536w, https:\/\/lucianabusico.com\/wp-content\/uploads\/2024\/08\/IIIIIIIIIIIII.png 2016w\" sizes=\"(max-width: 1024px) 100vw, 1024px\" \/><button\n\t\t\tclass=\"lightbox-trigger\"\n\t\t\ttype=\"button\"\n\t\t\taria-haspopup=\"dialog\"\n\t\t\taria-label=\"Ampliar la imagen\"\n\t\t\tdata-wp-init=\"callbacks.initTriggerButton\"\n\t\t\tdata-wp-on--click=\"actions.showLightbox\"\n\t\t\tdata-wp-style--right=\"context.imageButtonRight\"\n\t\t\tdata-wp-style--top=\"context.imageButtonTop\"\n\t\t>\n\t\t\t<svg xmlns=\"http:\/\/www.w3.org\/2000\/svg\" width=\"12\" height=\"12\" fill=\"none\" viewBox=\"0 0 12 12\">\n\t\t\t\t<path fill=\"#fff\" d=\"M2 0a2 2 0 0 0-2 2v2h1.5V2a.5.5 0 0 1 .5-.5h2V0H2Zm2 10.5H2a.5.5 0 0 1-.5-.5V8H0v2a2 2 0 0 0 2 2h2v-1.5ZM8 12v-1.5h2a.5.5 0 0 0 .5-.5V8H12v2a2 2 0 0 1-2 2H8Zm2-12a2 2 0 0 1 2 2v2h-1.5V2a.5.5 0 0 0-.5-.5H8V0h2Z\" \/>\n\t\t\t<\/svg>\n\t\t<\/button><\/figure>\n<\/figure>\n\n\n\n<div style=\"height:19px\" aria-hidden=\"true\" class=\"wp-block-spacer\"><\/div>\n\n\n\n<h1 class=\"wp-block-heading has-text-align-center has-small-font-size\">MEDIDAS: 80CM T\u00c9CNICA: MEDIOS MIXTOS SOBRE LIENZO, 2023.<\/h1>\n\n\n\n<h1 class=\"wp-block-heading has-text-align-center has-small-font-size\"><\/h1>\n\n\n\n<h2 class=\"wp-block-heading has-text-align-center has-large-font-size\">                                            VENDIDA<\/h2>\n\n\n\n<h1 class=\"wp-block-heading has-x-large-font-size\"><\/h1>\n\n\n\n<div style=\"height:62px\" aria-hidden=\"true\" class=\"wp-block-spacer\"><\/div>\n\n\n\n<p>Formato chico<\/p>\n\n\n\n<figure class=\"wp-block-gallery has-nested-images columns-default is-cropped wp-block-gallery-4 is-layout-flex wp-block-gallery-is-layout-flex\">\n<figure class=\"wp-block-image size-large\"><img loading=\"lazy\" decoding=\"async\" width=\"1024\" height=\"969\" data-id=\"2675\" src=\"https:\/\/lucianabusico.com\/wp-content\/uploads\/2024\/08\/WhatsApp-Image-2024-08-20-at-20.54.17-1024x969.jpeg\" alt=\"\" class=\"wp-image-2675\" srcset=\"https:\/\/lucianabusico.com\/wp-content\/uploads\/2024\/08\/WhatsApp-Image-2024-08-20-at-20.54.17-1024x969.jpeg 1024w, https:\/\/lucianabusico.com\/wp-content\/uploads\/2024\/08\/WhatsApp-Image-2024-08-20-at-20.54.17-300x284.jpeg 300w, https:\/\/lucianabusico.com\/wp-content\/uploads\/2024\/08\/WhatsApp-Image-2024-08-20-at-20.54.17-768x727.jpeg 768w, https:\/\/lucianabusico.com\/wp-content\/uploads\/2024\/08\/WhatsApp-Image-2024-08-20-at-20.54.17.jpeg 1280w\" sizes=\"(max-width: 1024px) 100vw, 1024px\" \/><\/figure>\n\n\n\n<figure class=\"wp-block-image size-large\"><img loading=\"lazy\" decoding=\"async\" width=\"1024\" height=\"970\" data-id=\"2677\" src=\"https:\/\/lucianabusico.com\/wp-content\/uploads\/2024\/08\/GALAX1-1024x970.jpeg\" alt=\"\" class=\"wp-image-2677\" srcset=\"https:\/\/lucianabusico.com\/wp-content\/uploads\/2024\/08\/GALAX1-1024x970.jpeg 1024w, https:\/\/lucianabusico.com\/wp-content\/uploads\/2024\/08\/GALAX1-300x284.jpeg 300w, https:\/\/lucianabusico.com\/wp-content\/uploads\/2024\/08\/GALAX1-768x727.jpeg 768w, https:\/\/lucianabusico.com\/wp-content\/uploads\/2024\/08\/GALAX1-1536x1454.jpeg 1536w, https:\/\/lucianabusico.com\/wp-content\/uploads\/2024\/08\/GALAX1-2048x1939.jpeg 2048w\" sizes=\"(max-width: 1024px) 100vw, 1024px\" \/><\/figure>\n\n\n\n<figure data-wp-context=\"{&quot;uploadedSrc&quot;:&quot;https:\\\/\\\/lucianabusico.com\\\/wp-content\\\/uploads\\\/2024\\\/08\\\/GALAX-scaled.jpeg&quot;,&quot;figureClassNames&quot;:&quot;wp-block-image size-large&quot;,&quot;figureStyles&quot;:null,&quot;imgClassNames&quot;:&quot;wp-image-2676&quot;,&quot;imgStyles&quot;:null,&quot;targetWidth&quot;:1781,&quot;targetHeight&quot;:2560,&quot;scaleAttr&quot;:false,&quot;ariaLabel&quot;:&quot;Ampliar la imagen&quot;,&quot;alt&quot;:&quot;&quot;}\" data-wp-interactive=\"core\/image\" class=\"wp-block-image size-large wp-lightbox-container\"><img loading=\"lazy\" decoding=\"async\" width=\"712\" height=\"1024\" data-wp-init=\"callbacks.setButtonStyles\" data-wp-on--click=\"actions.showLightbox\" data-wp-on--load=\"callbacks.setButtonStyles\" data-wp-on-window--resize=\"callbacks.setButtonStyles\" data-id=\"2676\" src=\"https:\/\/lucianabusico.com\/wp-content\/uploads\/2024\/08\/GALAX-712x1024.jpeg\" alt=\"\" class=\"wp-image-2676\" srcset=\"https:\/\/lucianabusico.com\/wp-content\/uploads\/2024\/08\/GALAX-712x1024.jpeg 712w, https:\/\/lucianabusico.com\/wp-content\/uploads\/2024\/08\/GALAX-209x300.jpeg 209w, https:\/\/lucianabusico.com\/wp-content\/uploads\/2024\/08\/GALAX-768x1104.jpeg 768w, https:\/\/lucianabusico.com\/wp-content\/uploads\/2024\/08\/GALAX-1068x1536.jpeg 1068w, https:\/\/lucianabusico.com\/wp-content\/uploads\/2024\/08\/GALAX-1425x2048.jpeg 1425w, https:\/\/lucianabusico.com\/wp-content\/uploads\/2024\/08\/GALAX-scaled.jpeg 1781w\" sizes=\"(max-width: 712px) 100vw, 712px\" \/><button\n\t\t\tclass=\"lightbox-trigger\"\n\t\t\ttype=\"button\"\n\t\t\taria-haspopup=\"dialog\"\n\t\t\taria-label=\"Ampliar la imagen\"\n\t\t\tdata-wp-init=\"callbacks.initTriggerButton\"\n\t\t\tdata-wp-on--click=\"actions.showLightbox\"\n\t\t\tdata-wp-style--right=\"context.imageButtonRight\"\n\t\t\tdata-wp-style--top=\"context.imageButtonTop\"\n\t\t>\n\t\t\t<svg xmlns=\"http:\/\/www.w3.org\/2000\/svg\" width=\"12\" height=\"12\" fill=\"none\" viewBox=\"0 0 12 12\">\n\t\t\t\t<path fill=\"#fff\" d=\"M2 0a2 2 0 0 0-2 2v2h1.5V2a.5.5 0 0 1 .5-.5h2V0H2Zm2 10.5H2a.5.5 0 0 1-.5-.5V8H0v2a2 2 0 0 0 2 2h2v-1.5ZM8 12v-1.5h2a.5.5 0 0 0 .5-.5V8H12v2a2 2 0 0 1-2 2H8Zm2-12a2 2 0 0 1 2 2v2h-1.5V2a.5.5 0 0 0-.5-.5H8V0h2Z\" \/>\n\t\t\t<\/svg>\n\t\t<\/button><\/figure>\n<\/figure>\n\n\n\n<div style=\"height:19px\" aria-hidden=\"true\" class=\"wp-block-spacer\"><\/div>\n\n\n\n<h1 class=\"wp-block-heading has-text-align-center has-small-font-size\">MEDIDAS: 50X35 T\u00c9CNICA: MEDIOS MIXTOS SOBRE LIENZO, 2023.<\/h1>\n\n\n\n<h1 class=\"wp-block-heading has-text-align-center has-small-font-size\">FORMATO CHICO (50&#215;35)<\/h1>\n\n\n\n<p class=\"has-text-align-center\">Consultar<\/p>\n\n\n\n<div style=\"height:58px\" aria-hidden=\"true\" class=\"wp-block-spacer\"><\/div>\n\n\n\n<h1 class=\"wp-block-heading\"><\/h1>\n\n\n\n<p>Formato chico<\/p>\n\n\n\n<figure class=\"wp-block-gallery has-nested-images columns-default is-cropped wp-block-gallery-5 is-layout-flex wp-block-gallery-is-layout-flex\">\n<figure data-wp-context=\"{&quot;uploadedSrc&quot;:&quot;https:\\\/\\\/lucianabusico.com\\\/wp-content\\\/uploads\\\/2020\\\/09\\\/85858585-1.jpg&quot;,&quot;figureClassNames&quot;:&quot;wp-block-image size-large&quot;,&quot;figureStyles&quot;:null,&quot;imgClassNames&quot;:&quot;wp-image-994&quot;,&quot;imgStyles&quot;:null,&quot;targetWidth&quot;:1105,&quot;targetHeight&quot;:1103,&quot;scaleAttr&quot;:false,&quot;ariaLabel&quot;:&quot;Ampliar la imagen&quot;,&quot;alt&quot;:&quot;&quot;}\" data-wp-interactive=\"core\/image\" class=\"wp-block-image size-large wp-lightbox-container\"><img loading=\"lazy\" decoding=\"async\" width=\"1024\" height=\"1022\" data-wp-init=\"callbacks.setButtonStyles\" data-wp-on--click=\"actions.showLightbox\" data-wp-on--load=\"callbacks.setButtonStyles\" data-wp-on-window--resize=\"callbacks.setButtonStyles\" data-id=\"994\" src=\"https:\/\/lucianabusico.com\/wp-content\/uploads\/2020\/09\/85858585-1-1024x1022.jpg\" alt=\"\" class=\"wp-image-994\" srcset=\"https:\/\/lucianabusico.com\/wp-content\/uploads\/2020\/09\/85858585-1-1024x1022.jpg 1024w, https:\/\/lucianabusico.com\/wp-content\/uploads\/2020\/09\/85858585-1-300x300.jpg 300w, https:\/\/lucianabusico.com\/wp-content\/uploads\/2020\/09\/85858585-1-150x150.jpg 150w, https:\/\/lucianabusico.com\/wp-content\/uploads\/2020\/09\/85858585-1-768x767.jpg 768w, https:\/\/lucianabusico.com\/wp-content\/uploads\/2020\/09\/85858585-1.jpg 1105w\" sizes=\"(max-width: 1024px) 100vw, 1024px\" \/><button\n\t\t\tclass=\"lightbox-trigger\"\n\t\t\ttype=\"button\"\n\t\t\taria-haspopup=\"dialog\"\n\t\t\taria-label=\"Ampliar la imagen\"\n\t\t\tdata-wp-init=\"callbacks.initTriggerButton\"\n\t\t\tdata-wp-on--click=\"actions.showLightbox\"\n\t\t\tdata-wp-style--right=\"context.imageButtonRight\"\n\t\t\tdata-wp-style--top=\"context.imageButtonTop\"\n\t\t>\n\t\t\t<svg xmlns=\"http:\/\/www.w3.org\/2000\/svg\" width=\"12\" height=\"12\" fill=\"none\" viewBox=\"0 0 12 12\">\n\t\t\t\t<path fill=\"#fff\" d=\"M2 0a2 2 0 0 0-2 2v2h1.5V2a.5.5 0 0 1 .5-.5h2V0H2Zm2 10.5H2a.5.5 0 0 1-.5-.5V8H0v2a2 2 0 0 0 2 2h2v-1.5ZM8 12v-1.5h2a.5.5 0 0 0 .5-.5V8H12v2a2 2 0 0 1-2 2H8Zm2-12a2 2 0 0 1 2 2v2h-1.5V2a.5.5 0 0 0-.5-.5H8V0h2Z\" \/>\n\t\t\t<\/svg>\n\t\t<\/button><\/figure>\n\n\n\n<figure class=\"wp-block-image size-large\"><img loading=\"lazy\" decoding=\"async\" width=\"1024\" height=\"970\" data-id=\"2686\" src=\"https:\/\/lucianabusico.com\/wp-content\/uploads\/2024\/08\/IMG_1448-6-1024x970.jpg\" alt=\"\" class=\"wp-image-2686\" srcset=\"https:\/\/lucianabusico.com\/wp-content\/uploads\/2024\/08\/IMG_1448-6-1024x970.jpg 1024w, https:\/\/lucianabusico.com\/wp-content\/uploads\/2024\/08\/IMG_1448-6-300x284.jpg 300w, https:\/\/lucianabusico.com\/wp-content\/uploads\/2024\/08\/IMG_1448-6-768x727.jpg 768w, https:\/\/lucianabusico.com\/wp-content\/uploads\/2024\/08\/IMG_1448-6-1536x1454.jpg 1536w, https:\/\/lucianabusico.com\/wp-content\/uploads\/2024\/08\/IMG_1448-6-2048x1939.jpg 2048w\" sizes=\"(max-width: 1024px) 100vw, 1024px\" \/><\/figure>\n<\/figure>\n\n\n\n<div style=\"height:19px\" aria-hidden=\"true\" class=\"wp-block-spacer\"><\/div>\n\n\n\n<h1 class=\"wp-block-heading has-text-align-center has-small-font-size\">MEDIDAS: 40CM T\u00c9CNICA: MEDIOS MIXTOS SOBRE LIENZO, 2020.<\/h1>\n\n\n\n<h1 class=\"wp-block-heading has-text-align-center has-small-font-size\">Formato chico<\/h1>\n\n\n\n<p class=\"has-text-align-center\">Consultar<\/p>\n\n\n\n<div style=\"height:58px\" aria-hidden=\"true\" class=\"wp-block-spacer\"><\/div>\n\n\n\n<h1 class=\"wp-block-heading has-x-large-font-size\"><\/h1>\n\n\n\n<figure class=\"wp-block-image size-large\"><img loading=\"lazy\" decoding=\"async\" width=\"1024\" height=\"818\" src=\"https:\/\/lucianabusico.com\/wp-content\/uploads\/2024\/10\/nu-1024x818.jpeg\" alt=\"\" class=\"wp-image-2969\" srcset=\"https:\/\/lucianabusico.com\/wp-content\/uploads\/2024\/10\/nu-1024x818.jpeg 1024w, https:\/\/lucianabusico.com\/wp-content\/uploads\/2024\/10\/nu-300x240.jpeg 300w, https:\/\/lucianabusico.com\/wp-content\/uploads\/2024\/10\/nu-768x613.jpeg 768w, https:\/\/lucianabusico.com\/wp-content\/uploads\/2024\/10\/nu-1536x1226.jpeg 1536w, https:\/\/lucianabusico.com\/wp-content\/uploads\/2024\/10\/nu-2048x1635.jpeg 2048w\" sizes=\"(max-width: 1024px) 100vw, 1024px\" \/><\/figure>\n\n\n\n<figure class=\"wp-block-image size-large\"><img loading=\"lazy\" decoding=\"async\" width=\"578\" height=\"1024\" src=\"https:\/\/lucianabusico.com\/wp-content\/uploads\/2024\/10\/IMG_3418-2-578x1024.jpeg\" alt=\"\" class=\"wp-image-2984\" srcset=\"https:\/\/lucianabusico.com\/wp-content\/uploads\/2024\/10\/IMG_3418-2-578x1024.jpeg 578w, https:\/\/lucianabusico.com\/wp-content\/uploads\/2024\/10\/IMG_3418-2-169x300.jpeg 169w, https:\/\/lucianabusico.com\/wp-content\/uploads\/2024\/10\/IMG_3418-2-768x1361.jpeg 768w, https:\/\/lucianabusico.com\/wp-content\/uploads\/2024\/10\/IMG_3418-2-867x1536.jpeg 867w, https:\/\/lucianabusico.com\/wp-content\/uploads\/2024\/10\/IMG_3418-2-1156x2048.jpeg 1156w, https:\/\/lucianabusico.com\/wp-content\/uploads\/2024\/10\/IMG_3418-2-scaled.jpeg 1445w\" sizes=\"(max-width: 578px) 100vw, 578px\" \/><\/figure>\n\n\n\n<div style=\"height:0px\" aria-hidden=\"true\" class=\"wp-block-spacer\"><\/div>\n\n\n\n<h1 class=\"wp-block-heading has-text-align-center has-small-font-size\">MEDIDAS: 80X100CM T\u00c9CNICA: MEDIOS MIXTOS SOBRE LIENZO, 2021.<\/h1>\n\n\n\n<h1 class=\"wp-block-heading has-text-align-center has-small-font-size\"><\/h1>\n","protected":false},"excerpt":{"rendered":"<p>MEDIDAS: 80X70 T\u00c9CNICA: OLEO SOBRE LIENZO, 2023. Consultar MEDIDAS: 120X100 T\u00c9CNICA: MEDIOS MIXTOS SOBRE LIENZO, 2021. MEDIDAS: 80CM T\u00c9CNICA: MEDIOS MIXTOS SOBRE LIENZO, 2023. VENDIDA Formato chico MEDIDAS: 50X35 T\u00c9CNICA: MEDIOS MIXTOS SOBRE LIENZO, 2023. FORMATO CHICO (50&#215;35) Consultar Formato chico MEDIDAS: 40CM T\u00c9CNICA: MEDIOS MIXTOS SOBRE LIENZO, 2020. Formato chico Consultar MEDIDAS: 80X100CM T\u00c9CNICA: &#8230; <a title=\"ABSTRACTAS EN STOCK\" class=\"read-more\" href=\"https:\/\/lucianabusico.com\/index.php\/obrasbastractasenstock\/\" aria-label=\"Leer m\u00e1s sobre ABSTRACTAS EN STOCK\">Leer m\u00e1s<\/a><\/p>\n","protected":false},"author":1,"featured_media":0,"parent":0,"menu_order":0,"comment_status":"closed","ping_status":"closed","template":"","meta":{"footnotes":""},"_links":{"self":[{"href":"https:\/\/lucianabusico.com\/index.php\/wp-json\/wp\/v2\/pages\/2609"}],"collection":[{"href":"https:\/\/lucianabusico.com\/index.php\/wp-json\/wp\/v2\/pages"}],"about":[{"href":"https:\/\/lucianabusico.com\/index.php\/wp-json\/wp\/v2\/types\/page"}],"author":[{"embeddable":true,"href":"https:\/\/lucianabusico.com\/index.php\/wp-json\/wp\/v2\/users\/1"}],"replies":[{"embeddable":true,"href":"https:\/\/lucianabusico.com\/index.php\/wp-json\/wp\/v2\/comments?post=2609"}],"version-history":[{"count":103,"href":"https:\/\/lucianabusico.com\/index.php\/wp-json\/wp\/v2\/pages\/2609\/revisions"}],"predecessor-version":[{"id":4011,"href":"https:\/\/lucianabusico.com\/index.php\/wp-json\/wp\/v2\/pages\/2609\/revisions\/4011"}],"wp:attachment":[{"href":"https:\/\/lucianabusico.com\/index.php\/wp-json\/wp\/v2\/media?parent=2609"}],"curies":[{"name":"wp","href":"https:\/\/api.w.org\/{rel}","templated":true}]}}