{"id":3216,"date":"2024-10-16T19:00:49","date_gmt":"2024-10-16T22:00:49","guid":{"rendered":"https:\/\/lucianabusico.com\/?page_id=3216"},"modified":"2026-03-17T14:05:48","modified_gmt":"2026-03-17T17:05:48","slug":"obras-de-arte-figurativas","status":"publish","type":"page","link":"https:\/\/lucianabusico.com\/index.php\/obras-de-arte-figurativas\/","title":{"rendered":""},"content":{"rendered":"\n<p class=\"has-text-align-center has-x-large-font-size\"><\/p>\n\n\n\n<figure class=\"wp-block-gallery has-nested-images columns-default is-cropped wp-block-gallery-1 is-layout-flex wp-block-gallery-is-layout-flex\">\n<figure class=\"wp-block-image size-large\"><img fetchpriority=\"high\" decoding=\"async\" width=\"710\" height=\"1024\" data-id=\"3217\" src=\"https:\/\/lucianabusico.com\/wp-content\/uploads\/2024\/10\/IMG_2773-710x1024.jpeg\" alt=\"\" class=\"wp-image-3217\" srcset=\"https:\/\/lucianabusico.com\/wp-content\/uploads\/2024\/10\/IMG_2773-710x1024.jpeg 710w, https:\/\/lucianabusico.com\/wp-content\/uploads\/2024\/10\/IMG_2773-208x300.jpeg 208w, https:\/\/lucianabusico.com\/wp-content\/uploads\/2024\/10\/IMG_2773-768x1108.jpeg 768w, https:\/\/lucianabusico.com\/wp-content\/uploads\/2024\/10\/IMG_2773-1065x1536.jpeg 1065w, https:\/\/lucianabusico.com\/wp-content\/uploads\/2024\/10\/IMG_2773-1420x2048.jpeg 1420w, https:\/\/lucianabusico.com\/wp-content\/uploads\/2024\/10\/IMG_2773-scaled.jpeg 1775w\" sizes=\"(max-width: 710px) 100vw, 710px\" \/><\/figure>\n\n\n\n<figure class=\"wp-block-image size-large\"><img decoding=\"async\" width=\"768\" height=\"1024\" data-id=\"3219\" src=\"https:\/\/lucianabusico.com\/wp-content\/uploads\/2024\/10\/IMG_2770-768x1024.jpeg\" alt=\"\" class=\"wp-image-3219\" srcset=\"https:\/\/lucianabusico.com\/wp-content\/uploads\/2024\/10\/IMG_2770-768x1024.jpeg 768w, https:\/\/lucianabusico.com\/wp-content\/uploads\/2024\/10\/IMG_2770-225x300.jpeg 225w, https:\/\/lucianabusico.com\/wp-content\/uploads\/2024\/10\/IMG_2770-1152x1536.jpeg 1152w, https:\/\/lucianabusico.com\/wp-content\/uploads\/2024\/10\/IMG_2770-1536x2048.jpeg 1536w, https:\/\/lucianabusico.com\/wp-content\/uploads\/2024\/10\/IMG_2770-scaled.jpeg 1920w\" sizes=\"(max-width: 768px) 100vw, 768px\" \/><\/figure>\n\n\n\n<figure class=\"wp-block-image size-large\"><img decoding=\"async\" width=\"768\" height=\"1024\" data-id=\"3221\" src=\"https:\/\/lucianabusico.com\/wp-content\/uploads\/2024\/10\/IMG_2775-768x1024.jpeg\" alt=\"\" class=\"wp-image-3221\" srcset=\"https:\/\/lucianabusico.com\/wp-content\/uploads\/2024\/10\/IMG_2775-768x1024.jpeg 768w, https:\/\/lucianabusico.com\/wp-content\/uploads\/2024\/10\/IMG_2775-225x300.jpeg 225w, https:\/\/lucianabusico.com\/wp-content\/uploads\/2024\/10\/IMG_2775-1152x1536.jpeg 1152w, https:\/\/lucianabusico.com\/wp-content\/uploads\/2024\/10\/IMG_2775-1536x2048.jpeg 1536w, https:\/\/lucianabusico.com\/wp-content\/uploads\/2024\/10\/IMG_2775-scaled.jpeg 1920w\" sizes=\"(max-width: 768px) 100vw, 768px\" \/><\/figure>\n\n\n\n<figure class=\"wp-block-image size-large\"><img loading=\"lazy\" decoding=\"async\" width=\"768\" height=\"1024\" data-id=\"3196\" src=\"https:\/\/lucianabusico.com\/wp-content\/uploads\/2024\/10\/IMG_2772-768x1024.jpeg\" alt=\"obra figurativa, mujer fumando\" class=\"wp-image-3196\" srcset=\"https:\/\/lucianabusico.com\/wp-content\/uploads\/2024\/10\/IMG_2772-768x1024.jpeg 768w, https:\/\/lucianabusico.com\/wp-content\/uploads\/2024\/10\/IMG_2772-225x300.jpeg 225w, https:\/\/lucianabusico.com\/wp-content\/uploads\/2024\/10\/IMG_2772-1152x1536.jpeg 1152w, https:\/\/lucianabusico.com\/wp-content\/uploads\/2024\/10\/IMG_2772-1536x2048.jpeg 1536w, https:\/\/lucianabusico.com\/wp-content\/uploads\/2024\/10\/IMG_2772-scaled.jpeg 1920w\" sizes=\"(max-width: 768px) 100vw, 768px\" \/><\/figure>\n<\/figure>\n\n\n\n<p class=\"has-text-align-center\">ACR\u00cdLICO SOBRE LIENZO 50X35 <\/p>\n\n\n\n<p class=\"has-text-align-center\">Consultar<\/p>\n\n\n\n<div style=\"height:81px\" aria-hidden=\"true\" class=\"wp-block-spacer\"><\/div>\n\n\n\n<p class=\"has-text-align-center has-x-large-font-size\"><\/p>\n\n\n\n<figure class=\"wp-block-gallery has-nested-images columns-default is-cropped wp-block-gallery-2 is-layout-flex wp-block-gallery-is-layout-flex\">\n<figure class=\"wp-block-image size-large\"><img loading=\"lazy\" decoding=\"async\" width=\"711\" height=\"1024\" data-id=\"3235\" src=\"https:\/\/lucianabusico.com\/wp-content\/uploads\/2024\/10\/IMG_2325-711x1024.jpeg\" alt=\"acrilico sobre lienzo, arte figurativo, arte lgtb\" class=\"wp-image-3235\" srcset=\"https:\/\/lucianabusico.com\/wp-content\/uploads\/2024\/10\/IMG_2325-711x1024.jpeg 711w, https:\/\/lucianabusico.com\/wp-content\/uploads\/2024\/10\/IMG_2325-208x300.jpeg 208w, https:\/\/lucianabusico.com\/wp-content\/uploads\/2024\/10\/IMG_2325-768x1105.jpeg 768w, https:\/\/lucianabusico.com\/wp-content\/uploads\/2024\/10\/IMG_2325-1067x1536.jpeg 1067w, https:\/\/lucianabusico.com\/wp-content\/uploads\/2024\/10\/IMG_2325-1423x2048.jpeg 1423w, https:\/\/lucianabusico.com\/wp-content\/uploads\/2024\/10\/IMG_2325-scaled.jpeg 1778w\" sizes=\"(max-width: 711px) 100vw, 711px\" \/><\/figure>\n\n\n\n<figure class=\"wp-block-image size-large\"><img loading=\"lazy\" decoding=\"async\" width=\"768\" height=\"1024\" data-id=\"3234\" src=\"https:\/\/lucianabusico.com\/wp-content\/uploads\/2024\/10\/IMG_2237-768x1024.jpeg\" alt=\"\" class=\"wp-image-3234\" srcset=\"https:\/\/lucianabusico.com\/wp-content\/uploads\/2024\/10\/IMG_2237-768x1024.jpeg 768w, https:\/\/lucianabusico.com\/wp-content\/uploads\/2024\/10\/IMG_2237-225x300.jpeg 225w, https:\/\/lucianabusico.com\/wp-content\/uploads\/2024\/10\/IMG_2237-1152x1536.jpeg 1152w, https:\/\/lucianabusico.com\/wp-content\/uploads\/2024\/10\/IMG_2237-1536x2048.jpeg 1536w, https:\/\/lucianabusico.com\/wp-content\/uploads\/2024\/10\/IMG_2237-scaled.jpeg 1920w\" sizes=\"(max-width: 768px) 100vw, 768px\" \/><\/figure>\n\n\n\n<figure class=\"wp-block-image size-large\"><img loading=\"lazy\" decoding=\"async\" width=\"768\" height=\"1024\" data-id=\"3233\" src=\"https:\/\/lucianabusico.com\/wp-content\/uploads\/2024\/10\/IMG_2236-768x1024.jpeg\" alt=\"\" class=\"wp-image-3233\" srcset=\"https:\/\/lucianabusico.com\/wp-content\/uploads\/2024\/10\/IMG_2236-768x1024.jpeg 768w, https:\/\/lucianabusico.com\/wp-content\/uploads\/2024\/10\/IMG_2236-225x300.jpeg 225w, https:\/\/lucianabusico.com\/wp-content\/uploads\/2024\/10\/IMG_2236-1152x1536.jpeg 1152w, https:\/\/lucianabusico.com\/wp-content\/uploads\/2024\/10\/IMG_2236-1536x2048.jpeg 1536w, https:\/\/lucianabusico.com\/wp-content\/uploads\/2024\/10\/IMG_2236-scaled.jpeg 1920w\" sizes=\"(max-width: 768px) 100vw, 768px\" \/><\/figure>\n\n\n\n<figure class=\"wp-block-image size-large\"><img loading=\"lazy\" decoding=\"async\" width=\"768\" height=\"1024\" data-id=\"3232\" src=\"https:\/\/lucianabusico.com\/wp-content\/uploads\/2024\/10\/IMG_2238-768x1024.jpeg\" alt=\"\" class=\"wp-image-3232\" srcset=\"https:\/\/lucianabusico.com\/wp-content\/uploads\/2024\/10\/IMG_2238-768x1024.jpeg 768w, https:\/\/lucianabusico.com\/wp-content\/uploads\/2024\/10\/IMG_2238-225x300.jpeg 225w, https:\/\/lucianabusico.com\/wp-content\/uploads\/2024\/10\/IMG_2238-1152x1536.jpeg 1152w, https:\/\/lucianabusico.com\/wp-content\/uploads\/2024\/10\/IMG_2238-1536x2048.jpeg 1536w, https:\/\/lucianabusico.com\/wp-content\/uploads\/2024\/10\/IMG_2238-scaled.jpeg 1920w\" sizes=\"(max-width: 768px) 100vw, 768px\" \/><\/figure>\n<\/figure>\n\n\n\n<p class=\"has-text-align-center\">ACR\u00cdLICO SOBRE LIENZO RECICLADO 50X35<\/p>\n\n\n\n<p class=\"has-text-align-center\">Consultar<\/p>\n\n\n\n<div style=\"height:100px\" aria-hidden=\"true\" class=\"wp-block-spacer\"><\/div>\n\n\n\n<p class=\"has-text-align-center has-x-large-font-size\"><\/p>\n\n\n\n<figure class=\"wp-block-gallery has-nested-images columns-default is-cropped wp-block-gallery-3 is-layout-flex wp-block-gallery-is-layout-flex\">\n<figure class=\"wp-block-image size-large\"><img loading=\"lazy\" decoding=\"async\" width=\"704\" height=\"1024\" data-id=\"3250\" src=\"https:\/\/lucianabusico.com\/wp-content\/uploads\/2024\/10\/IMG_3211-704x1024.jpeg\" alt=\"\" class=\"wp-image-3250\" srcset=\"https:\/\/lucianabusico.com\/wp-content\/uploads\/2024\/10\/IMG_3211-704x1024.jpeg 704w, https:\/\/lucianabusico.com\/wp-content\/uploads\/2024\/10\/IMG_3211-206x300.jpeg 206w, https:\/\/lucianabusico.com\/wp-content\/uploads\/2024\/10\/IMG_3211-768x1117.jpeg 768w, https:\/\/lucianabusico.com\/wp-content\/uploads\/2024\/10\/IMG_3211-1056x1536.jpeg 1056w, https:\/\/lucianabusico.com\/wp-content\/uploads\/2024\/10\/IMG_3211-1408x2048.jpeg 1408w, https:\/\/lucianabusico.com\/wp-content\/uploads\/2024\/10\/IMG_3211-scaled.jpeg 1760w\" sizes=\"(max-width: 704px) 100vw, 704px\" \/><\/figure>\n\n\n\n<figure class=\"wp-block-image size-large\"><img loading=\"lazy\" decoding=\"async\" width=\"707\" height=\"1024\" data-id=\"3248\" src=\"https:\/\/lucianabusico.com\/wp-content\/uploads\/2024\/10\/IMG_3131-707x1024.jpeg\" alt=\"ACRILICO SOBRE LIENZO, MUJER FUMANDO\" class=\"wp-image-3248\" srcset=\"https:\/\/lucianabusico.com\/wp-content\/uploads\/2024\/10\/IMG_3131-707x1024.jpeg 707w, https:\/\/lucianabusico.com\/wp-content\/uploads\/2024\/10\/IMG_3131-207x300.jpeg 207w, https:\/\/lucianabusico.com\/wp-content\/uploads\/2024\/10\/IMG_3131-768x1112.jpeg 768w, https:\/\/lucianabusico.com\/wp-content\/uploads\/2024\/10\/IMG_3131-1061x1536.jpeg 1061w, https:\/\/lucianabusico.com\/wp-content\/uploads\/2024\/10\/IMG_3131-1414x2048.jpeg 1414w, https:\/\/lucianabusico.com\/wp-content\/uploads\/2024\/10\/IMG_3131-scaled.jpeg 1768w\" sizes=\"(max-width: 707px) 100vw, 707px\" \/><\/figure>\n\n\n\n<figure class=\"wp-block-image size-large\"><img loading=\"lazy\" decoding=\"async\" width=\"502\" height=\"1024\" data-id=\"3249\" src=\"https:\/\/lucianabusico.com\/wp-content\/uploads\/2024\/10\/IMG_3015-502x1024.jpeg\" alt=\"\" class=\"wp-image-3249\" srcset=\"https:\/\/lucianabusico.com\/wp-content\/uploads\/2024\/10\/IMG_3015-502x1024.jpeg 502w, https:\/\/lucianabusico.com\/wp-content\/uploads\/2024\/10\/IMG_3015-147x300.jpeg 147w, https:\/\/lucianabusico.com\/wp-content\/uploads\/2024\/10\/IMG_3015-768x1565.jpeg 768w, https:\/\/lucianabusico.com\/wp-content\/uploads\/2024\/10\/IMG_3015-754x1536.jpeg 754w, https:\/\/lucianabusico.com\/wp-content\/uploads\/2024\/10\/IMG_3015-1005x2048.jpeg 1005w, https:\/\/lucianabusico.com\/wp-content\/uploads\/2024\/10\/IMG_3015-scaled.jpeg 1256w\" sizes=\"(max-width: 502px) 100vw, 502px\" \/><\/figure>\n\n\n\n<figure class=\"wp-block-image size-large\"><img loading=\"lazy\" decoding=\"async\" width=\"768\" height=\"1024\" data-id=\"3251\" src=\"https:\/\/lucianabusico.com\/wp-content\/uploads\/2024\/10\/IMG_3011-768x1024.jpeg\" alt=\"\" class=\"wp-image-3251\" srcset=\"https:\/\/lucianabusico.com\/wp-content\/uploads\/2024\/10\/IMG_3011-768x1024.jpeg 768w, https:\/\/lucianabusico.com\/wp-content\/uploads\/2024\/10\/IMG_3011-225x300.jpeg 225w, https:\/\/lucianabusico.com\/wp-content\/uploads\/2024\/10\/IMG_3011-1152x1536.jpeg 1152w, https:\/\/lucianabusico.com\/wp-content\/uploads\/2024\/10\/IMG_3011-1536x2048.jpeg 1536w, https:\/\/lucianabusico.com\/wp-content\/uploads\/2024\/10\/IMG_3011-scaled.jpeg 1920w\" sizes=\"(max-width: 768px) 100vw, 768px\" \/><\/figure>\n<\/figure>\n\n\n\n<p class=\"has-text-align-center\">ACR\u00cdLICO SOBRE LIENZO 50X35<\/p>\n\n\n\n<p class=\"has-text-align-center\">Consultar<\/p>\n","protected":false},"excerpt":{"rendered":"<p>ACR\u00cdLICO SOBRE LIENZO 50X35 Consultar ACR\u00cdLICO SOBRE LIENZO RECICLADO 50X35 Consultar ACR\u00cdLICO SOBRE LIENZO 50X35 Consultar<\/p>\n","protected":false},"author":1,"featured_media":0,"parent":0,"menu_order":0,"comment_status":"closed","ping_status":"closed","template":"","meta":{"footnotes":""},"_links":{"self":[{"href":"https:\/\/lucianabusico.com\/index.php\/wp-json\/wp\/v2\/pages\/3216"}],"collection":[{"href":"https:\/\/lucianabusico.com\/index.php\/wp-json\/wp\/v2\/pages"}],"about":[{"href":"https:\/\/lucianabusico.com\/index.php\/wp-json\/wp\/v2\/types\/page"}],"author":[{"embeddable":true,"href":"https:\/\/lucianabusico.com\/index.php\/wp-json\/wp\/v2\/users\/1"}],"replies":[{"embeddable":true,"href":"https:\/\/lucianabusico.com\/index.php\/wp-json\/wp\/v2\/comments?post=3216"}],"version-history":[{"count":25,"href":"https:\/\/lucianabusico.com\/index.php\/wp-json\/wp\/v2\/pages\/3216\/revisions"}],"predecessor-version":[{"id":4013,"href":"https:\/\/lucianabusico.com\/index.php\/wp-json\/wp\/v2\/pages\/3216\/revisions\/4013"}],"wp:attachment":[{"href":"https:\/\/lucianabusico.com\/index.php\/wp-json\/wp\/v2\/media?parent=3216"}],"curies":[{"name":"wp","href":"https:\/\/api.w.org\/{rel}","templated":true}]}}