{"id":653,"date":"2020-09-28T00:30:22","date_gmt":"2020-09-27T22:30:22","guid":{"rendered":"http:\/\/lucianabusico.com\/?page_id=653"},"modified":"2026-03-18T12:32:32","modified_gmt":"2026-03-18T15:32:32","slug":"galeria","status":"publish","type":"page","link":"https:\/\/lucianabusico.com\/","title":{"rendered":""},"content":{"rendered":"\n<div style=\"height:6px\" aria-hidden=\"true\" class=\"wp-block-spacer\"><\/div>\n\n\n\n<h1 class=\"wp-block-heading has-text-align-center has-medium-font-size\">LUCIANA BUSICO<\/h1>\n\n\n\n<h3 class=\"wp-block-heading has-text-align-center\" style=\"font-size:12px\">ARTISTA VISUAL<\/h3>\n\n\n\n<h3 class=\"wp-block-heading has-text-align-center\" style=\"font-size:15px\"><\/h3>\n\n\n\n<div style=\"height:12px\" aria-hidden=\"true\" class=\"wp-block-spacer\"><\/div>\n\n\n\n<div class=\"wp-block-media-text is-stacked-on-mobile\" style=\"grid-template-columns:85% auto\"><figure class=\"wp-block-media-text__media\"><img fetchpriority=\"high\" decoding=\"async\" width=\"578\" height=\"1024\" src=\"https:\/\/lucianabusico.com\/wp-content\/uploads\/2024\/10\/IMG_3418-2-578x1024.jpeg\" alt=\"VENTA Y EXPOSICI\u00d3N DE OBRAS ABSTRACTAS, FIGURATIVAS Y DIGITALES\" class=\"wp-image-2984 size-full\" srcset=\"https:\/\/lucianabusico.com\/wp-content\/uploads\/2024\/10\/IMG_3418-2-578x1024.jpeg 578w, https:\/\/lucianabusico.com\/wp-content\/uploads\/2024\/10\/IMG_3418-2-169x300.jpeg 169w, https:\/\/lucianabusico.com\/wp-content\/uploads\/2024\/10\/IMG_3418-2-768x1361.jpeg 768w, https:\/\/lucianabusico.com\/wp-content\/uploads\/2024\/10\/IMG_3418-2-867x1536.jpeg 867w, https:\/\/lucianabusico.com\/wp-content\/uploads\/2024\/10\/IMG_3418-2-1156x2048.jpeg 1156w, https:\/\/lucianabusico.com\/wp-content\/uploads\/2024\/10\/IMG_3418-2-scaled.jpeg 1445w\" sizes=\"(max-width: 578px) 100vw, 578px\" \/><\/figure><div class=\"wp-block-media-text__content\">\n<p class=\"has-text-align-center has-small-font-size\"><\/p>\n<\/div><\/div>\n\n\n\n<div style=\"height:0px\" aria-hidden=\"true\" class=\"wp-block-spacer\"><\/div>\n\n\n\n<h2 class=\"wp-block-heading has-text-align-center\" style=\"font-size:21px;font-style:normal;font-weight:300\"><\/h2>\n\n\n\n<p class=\"has-small-font-size\"><\/p>\n\n\n\n<div style=\"height:100px\" aria-hidden=\"true\" class=\"wp-block-spacer\"><\/div>\n\n\n\n<p class=\"has-small-font-size\"><em>Filmaci\u00f3n de &#8220;Ne\u00f3n&#8221; Acr\u00edlico, tintas y aer\u00f3grafo sobre lienzo:<\/em><\/p>\n\n\n\n<figure class=\"wp-block-video\"><video autoplay controls poster=\"https:\/\/lucianabusico.com\/wp-content\/uploads\/2024\/10\/naranja3333.jpg\" src=\"https:\/\/lucianabusico.com\/wp-content\/uploads\/2024\/10\/dc26479bd2e140bfb8310be5bb4086a3.mp4\"><\/video><\/figure>\n\n\n\n<div style=\"height:37px\" aria-hidden=\"true\" class=\"wp-block-spacer\"><\/div>\n\n\n\n<p class=\"has-small-font-size\"><em>Fragmento de  &#8220;Ne\u00f3n&#8221; Acr\u00edlico y tintas sobre lienzo:<\/em><\/p>\n\n\n\n<figure class=\"wp-block-image alignfull size-large\"><img decoding=\"async\" width=\"774\" height=\"1024\" src=\"https:\/\/lucianabusico.com\/wp-content\/uploads\/2024\/10\/naranja3333-774x1024.jpg\" alt=\"\" class=\"wp-image-3602\" srcset=\"https:\/\/lucianabusico.com\/wp-content\/uploads\/2024\/10\/naranja3333-774x1024.jpg 774w, https:\/\/lucianabusico.com\/wp-content\/uploads\/2024\/10\/naranja3333-227x300.jpg 227w, https:\/\/lucianabusico.com\/wp-content\/uploads\/2024\/10\/naranja3333-768x1016.jpg 768w, https:\/\/lucianabusico.com\/wp-content\/uploads\/2024\/10\/naranja3333-1161x1536.jpg 1161w, https:\/\/lucianabusico.com\/wp-content\/uploads\/2024\/10\/naranja3333.jpg 1286w\" sizes=\"(max-width: 774px) 100vw, 774px\" \/><\/figure>\n\n\n\n<p class=\"has-small-font-size\"><\/p>\n\n\n\n<figure data-wp-context=\"{&quot;uploadedSrc&quot;:&quot;https:\\\/\\\/lucianabusico.com\\\/wp-content\\\/uploads\\\/2024\\\/08\\\/GALAX-scaled.jpeg&quot;,&quot;figureClassNames&quot;:&quot;wp-block-image alignfull&quot;,&quot;figureStyles&quot;:null,&quot;imgClassNames&quot;:&quot;wp-image-2676&quot;,&quot;imgStyles&quot;:null,&quot;targetWidth&quot;:1781,&quot;targetHeight&quot;:2560,&quot;scaleAttr&quot;:false,&quot;ariaLabel&quot;:&quot;Ampliar la imagen: ( alt=\\u0022imagen utilizada como parte del dise\\u00f1o de la pagina pintura bastracta\\u0022)&quot;,&quot;alt&quot;:&quot;( alt=\\u0022imagen utilizada como parte del dise\\u00f1o de la pagina pintura bastracta\\u0022)&quot;}\" data-wp-interactive=\"core\/image\" class=\"wp-block-image alignfull wp-lightbox-container\"><img decoding=\"async\" width=\"712\" height=\"1024\" data-wp-init=\"callbacks.setButtonStyles\" data-wp-on--click=\"actions.showLightbox\" data-wp-on--load=\"callbacks.setButtonStyles\" data-wp-on-window--resize=\"callbacks.setButtonStyles\" src=\"https:\/\/lucianabusico.com\/wp-content\/uploads\/2024\/08\/GALAX-712x1024.jpeg\" alt=\"( alt=&quot;imagen utilizada como parte del dise\u00f1o de la pagina pintura bastracta&quot;)\" class=\"wp-image-2676\" srcset=\"https:\/\/lucianabusico.com\/wp-content\/uploads\/2024\/08\/GALAX-712x1024.jpeg 712w, https:\/\/lucianabusico.com\/wp-content\/uploads\/2024\/08\/GALAX-209x300.jpeg 209w, https:\/\/lucianabusico.com\/wp-content\/uploads\/2024\/08\/GALAX-768x1104.jpeg 768w, https:\/\/lucianabusico.com\/wp-content\/uploads\/2024\/08\/GALAX-1068x1536.jpeg 1068w, https:\/\/lucianabusico.com\/wp-content\/uploads\/2024\/08\/GALAX-1425x2048.jpeg 1425w, https:\/\/lucianabusico.com\/wp-content\/uploads\/2024\/08\/GALAX-scaled.jpeg 1781w\" sizes=\"(max-width: 712px) 100vw, 712px\" \/><button\n\t\t\tclass=\"lightbox-trigger\"\n\t\t\ttype=\"button\"\n\t\t\taria-haspopup=\"dialog\"\n\t\t\taria-label=\"Ampliar la imagen: ( alt=&quot;imagen utilizada como parte del dise\u00f1o de la pagina pintura bastracta&quot;)\"\n\t\t\tdata-wp-init=\"callbacks.initTriggerButton\"\n\t\t\tdata-wp-on--click=\"actions.showLightbox\"\n\t\t\tdata-wp-style--right=\"context.imageButtonRight\"\n\t\t\tdata-wp-style--top=\"context.imageButtonTop\"\n\t\t>\n\t\t\t<svg xmlns=\"http:\/\/www.w3.org\/2000\/svg\" width=\"12\" height=\"12\" fill=\"none\" viewBox=\"0 0 12 12\">\n\t\t\t\t<path fill=\"#fff\" d=\"M2 0a2 2 0 0 0-2 2v2h1.5V2a.5.5 0 0 1 .5-.5h2V0H2Zm2 10.5H2a.5.5 0 0 1-.5-.5V8H0v2a2 2 0 0 0 2 2h2v-1.5ZM8 12v-1.5h2a.5.5 0 0 0 .5-.5V8H12v2a2 2 0 0 1-2 2H8Zm2-12a2 2 0 0 1 2 2v2h-1.5V2a.5.5 0 0 0-.5-.5H8V0h2Z\" \/>\n\t\t\t<\/svg>\n\t\t<\/button><\/figure>\n\n\n\n<p class=\"has-small-font-size\"><\/p>\n\n\n\n<figure class=\"wp-block-image alignfull size-large\"><img loading=\"lazy\" decoding=\"async\" width=\"768\" height=\"1024\" src=\"https:\/\/lucianabusico.com\/wp-content\/uploads\/2023\/02\/fr66-768x1024.jpg\" alt=\"\" class=\"wp-image-2307\" srcset=\"https:\/\/lucianabusico.com\/wp-content\/uploads\/2023\/02\/fr66-768x1024.jpg 768w, https:\/\/lucianabusico.com\/wp-content\/uploads\/2023\/02\/fr66-225x300.jpg 225w, https:\/\/lucianabusico.com\/wp-content\/uploads\/2023\/02\/fr66-1152x1536.jpg 1152w, https:\/\/lucianabusico.com\/wp-content\/uploads\/2023\/02\/fr66-1536x2048.jpg 1536w, https:\/\/lucianabusico.com\/wp-content\/uploads\/2023\/02\/fr66-scaled.jpg 1920w\" sizes=\"(max-width: 768px) 100vw, 768px\" \/><\/figure>\n\n\n\n<p class=\"has-small-font-size\"><\/p>\n\n\n\n<figure class=\"wp-block-image alignfull size-large\"><img loading=\"lazy\" decoding=\"async\" width=\"1024\" height=\"1024\" src=\"https:\/\/lucianabusico.com\/wp-content\/uploads\/2024\/09\/04045043-3a26-4296-bee0-e5e3b7b410d7-1024x1024.jpg\" alt=\"\" class=\"wp-image-2865\" srcset=\"https:\/\/lucianabusico.com\/wp-content\/uploads\/2024\/09\/04045043-3a26-4296-bee0-e5e3b7b410d7-1024x1024.jpg 1024w, https:\/\/lucianabusico.com\/wp-content\/uploads\/2024\/09\/04045043-3a26-4296-bee0-e5e3b7b410d7-300x300.jpg 300w, https:\/\/lucianabusico.com\/wp-content\/uploads\/2024\/09\/04045043-3a26-4296-bee0-e5e3b7b410d7-150x150.jpg 150w, https:\/\/lucianabusico.com\/wp-content\/uploads\/2024\/09\/04045043-3a26-4296-bee0-e5e3b7b410d7-768x768.jpg 768w, https:\/\/lucianabusico.com\/wp-content\/uploads\/2024\/09\/04045043-3a26-4296-bee0-e5e3b7b410d7-1536x1536.jpg 1536w, https:\/\/lucianabusico.com\/wp-content\/uploads\/2024\/09\/04045043-3a26-4296-bee0-e5e3b7b410d7.jpg 1600w\" sizes=\"(max-width: 1024px) 100vw, 1024px\" \/><\/figure>\n\n\n\n<h2 class=\"wp-block-heading\" style=\"font-size:24px\"><\/h2>\n\n\n\n<figure class=\"wp-block-image alignfull size-large\"><img loading=\"lazy\" decoding=\"async\" width=\"814\" height=\"1024\" src=\"https:\/\/lucianabusico.com\/wp-content\/uploads\/2024\/10\/IMG_1826-1-814x1024.jpeg\" alt=\"\" class=\"wp-image-3300\" srcset=\"https:\/\/lucianabusico.com\/wp-content\/uploads\/2024\/10\/IMG_1826-1-814x1024.jpeg 814w, https:\/\/lucianabusico.com\/wp-content\/uploads\/2024\/10\/IMG_1826-1-238x300.jpeg 238w, https:\/\/lucianabusico.com\/wp-content\/uploads\/2024\/10\/IMG_1826-1-768x966.jpeg 768w, https:\/\/lucianabusico.com\/wp-content\/uploads\/2024\/10\/IMG_1826-1-1221x1536.jpeg 1221w, https:\/\/lucianabusico.com\/wp-content\/uploads\/2024\/10\/IMG_1826-1-1628x2048.jpeg 1628w, https:\/\/lucianabusico.com\/wp-content\/uploads\/2024\/10\/IMG_1826-1-scaled.jpeg 2035w\" sizes=\"(max-width: 814px) 100vw, 814px\" \/><\/figure>\n\n\n\n<figure class=\"wp-block-image alignfull size-full\"><img loading=\"lazy\" decoding=\"async\" width=\"1004\" height=\"682\" src=\"https:\/\/lucianabusico.com\/wp-content\/uploads\/2024\/08\/paredes-blancas-y-puertas-blancas-luz-natural.jpg\" alt=\"\" class=\"wp-image-2626\" srcset=\"https:\/\/lucianabusico.com\/wp-content\/uploads\/2024\/08\/paredes-blancas-y-puertas-blancas-luz-natural.jpg 1004w, https:\/\/lucianabusico.com\/wp-content\/uploads\/2024\/08\/paredes-blancas-y-puertas-blancas-luz-natural-300x204.jpg 300w, https:\/\/lucianabusico.com\/wp-content\/uploads\/2024\/08\/paredes-blancas-y-puertas-blancas-luz-natural-768x522.jpg 768w\" sizes=\"(max-width: 1004px) 100vw, 1004px\" \/><\/figure>\n\n\n\n<figure class=\"wp-block-image alignfull size-full\"><img loading=\"lazy\" decoding=\"async\" width=\"1008\" height=\"933\" src=\"https:\/\/lucianabusico.com\/wp-content\/uploads\/2026\/03\/26184959-agatha-horizonte19dd1037c14eoriginal_cover_1400x933-1.jpg\" alt=\"\" class=\"wp-image-4026\" srcset=\"https:\/\/lucianabusico.com\/wp-content\/uploads\/2026\/03\/26184959-agatha-horizonte19dd1037c14eoriginal_cover_1400x933-1.jpg 1008w, https:\/\/lucianabusico.com\/wp-content\/uploads\/2026\/03\/26184959-agatha-horizonte19dd1037c14eoriginal_cover_1400x933-1-300x278.jpg 300w, https:\/\/lucianabusico.com\/wp-content\/uploads\/2026\/03\/26184959-agatha-horizonte19dd1037c14eoriginal_cover_1400x933-1-768x711.jpg 768w\" sizes=\"(max-width: 1008px) 100vw, 1008px\" \/><\/figure>\n\n\n\n<figure class=\"wp-block-image alignfull size-large\"><img loading=\"lazy\" decoding=\"async\" width=\"1024\" height=\"970\" src=\"https:\/\/lucianabusico.com\/wp-content\/uploads\/2024\/10\/IMG_1451-1024x970.jpeg\" alt=\"\" class=\"wp-image-3302\" srcset=\"https:\/\/lucianabusico.com\/wp-content\/uploads\/2024\/10\/IMG_1451-1024x970.jpeg 1024w, https:\/\/lucianabusico.com\/wp-content\/uploads\/2024\/10\/IMG_1451-300x284.jpeg 300w, https:\/\/lucianabusico.com\/wp-content\/uploads\/2024\/10\/IMG_1451-768x727.jpeg 768w, https:\/\/lucianabusico.com\/wp-content\/uploads\/2024\/10\/IMG_1451-1536x1454.jpeg 1536w, https:\/\/lucianabusico.com\/wp-content\/uploads\/2024\/10\/IMG_1451-2048x1939.jpeg 2048w\" sizes=\"(max-width: 1024px) 100vw, 1024px\" \/><\/figure>\n\n\n\n<figure class=\"wp-block-image alignfull size-large\"><img loading=\"lazy\" decoding=\"async\" width=\"1024\" height=\"969\" src=\"https:\/\/lucianabusico.com\/wp-content\/uploads\/2024\/08\/WhatsApp-Image-2024-08-12-at-12.09.10-1024x969.jpeg\" alt=\"\" class=\"wp-image-2595\" srcset=\"https:\/\/lucianabusico.com\/wp-content\/uploads\/2024\/08\/WhatsApp-Image-2024-08-12-at-12.09.10-1024x969.jpeg 1024w, https:\/\/lucianabusico.com\/wp-content\/uploads\/2024\/08\/WhatsApp-Image-2024-08-12-at-12.09.10-300x284.jpeg 300w, https:\/\/lucianabusico.com\/wp-content\/uploads\/2024\/08\/WhatsApp-Image-2024-08-12-at-12.09.10-768x727.jpeg 768w, https:\/\/lucianabusico.com\/wp-content\/uploads\/2024\/08\/WhatsApp-Image-2024-08-12-at-12.09.10.jpeg 1280w\" sizes=\"(max-width: 1024px) 100vw, 1024px\" \/><\/figure>\n\n\n\n<figure class=\"wp-block-gallery has-nested-images columns-default is-cropped wp-block-gallery-1 is-layout-flex wp-block-gallery-is-layout-flex\">\n<figure class=\"wp-block-image size-large\"><img loading=\"lazy\" decoding=\"async\" width=\"1024\" height=\"970\" data-id=\"2686\" src=\"https:\/\/lucianabusico.com\/wp-content\/uploads\/2024\/08\/IMG_1448-6-1024x970.jpg\" alt=\"\" class=\"wp-image-2686\" srcset=\"https:\/\/lucianabusico.com\/wp-content\/uploads\/2024\/08\/IMG_1448-6-1024x970.jpg 1024w, https:\/\/lucianabusico.com\/wp-content\/uploads\/2024\/08\/IMG_1448-6-300x284.jpg 300w, https:\/\/lucianabusico.com\/wp-content\/uploads\/2024\/08\/IMG_1448-6-768x727.jpg 768w, https:\/\/lucianabusico.com\/wp-content\/uploads\/2024\/08\/IMG_1448-6-1536x1454.jpg 1536w, https:\/\/lucianabusico.com\/wp-content\/uploads\/2024\/08\/IMG_1448-6-2048x1939.jpg 2048w\" sizes=\"(max-width: 1024px) 100vw, 1024px\" \/><\/figure>\n\n\n\n<figure class=\"wp-block-image size-large\"><img loading=\"lazy\" decoding=\"async\" width=\"1024\" height=\"969\" data-id=\"2675\" src=\"https:\/\/lucianabusico.com\/wp-content\/uploads\/2024\/08\/WhatsApp-Image-2024-08-20-at-20.54.17-1024x969.jpeg\" alt=\"\" class=\"wp-image-2675\" srcset=\"https:\/\/lucianabusico.com\/wp-content\/uploads\/2024\/08\/WhatsApp-Image-2024-08-20-at-20.54.17-1024x969.jpeg 1024w, https:\/\/lucianabusico.com\/wp-content\/uploads\/2024\/08\/WhatsApp-Image-2024-08-20-at-20.54.17-300x284.jpeg 300w, https:\/\/lucianabusico.com\/wp-content\/uploads\/2024\/08\/WhatsApp-Image-2024-08-20-at-20.54.17-768x727.jpeg 768w, https:\/\/lucianabusico.com\/wp-content\/uploads\/2024\/08\/WhatsApp-Image-2024-08-20-at-20.54.17.jpeg 1280w\" sizes=\"(max-width: 1024px) 100vw, 1024px\" \/><\/figure>\n\n\n\n<figure class=\"wp-block-image size-large\"><img loading=\"lazy\" decoding=\"async\" width=\"1007\" height=\"1024\" data-id=\"2623\" src=\"https:\/\/lucianabusico.com\/wp-content\/uploads\/2024\/08\/image0-1007x1024.jpeg\" alt=\"\" class=\"wp-image-2623\" srcset=\"https:\/\/lucianabusico.com\/wp-content\/uploads\/2024\/08\/image0-1007x1024.jpeg 1007w, https:\/\/lucianabusico.com\/wp-content\/uploads\/2024\/08\/image0-295x300.jpeg 295w, https:\/\/lucianabusico.com\/wp-content\/uploads\/2024\/08\/image0-768x781.jpeg 768w, https:\/\/lucianabusico.com\/wp-content\/uploads\/2024\/08\/image0-1510x1536.jpeg 1510w, https:\/\/lucianabusico.com\/wp-content\/uploads\/2024\/08\/image0-2014x2048.jpeg 2014w\" sizes=\"(max-width: 1007px) 100vw, 1007px\" \/><\/figure>\n<\/figure>\n\n\n\n<figure class=\"wp-block-image alignfull size-large\"><img loading=\"lazy\" decoding=\"async\" width=\"972\" height=\"1024\" src=\"https:\/\/lucianabusico.com\/wp-content\/uploads\/2024\/07\/WhatsApp-Image-2024-07-22-at-14.11.12-972x1024.jpeg\" alt=\"\" class=\"wp-image-2536\" srcset=\"https:\/\/lucianabusico.com\/wp-content\/uploads\/2024\/07\/WhatsApp-Image-2024-07-22-at-14.11.12-972x1024.jpeg 972w, https:\/\/lucianabusico.com\/wp-content\/uploads\/2024\/07\/WhatsApp-Image-2024-07-22-at-14.11.12-285x300.jpeg 285w, https:\/\/lucianabusico.com\/wp-content\/uploads\/2024\/07\/WhatsApp-Image-2024-07-22-at-14.11.12-768x809.jpeg 768w, https:\/\/lucianabusico.com\/wp-content\/uploads\/2024\/07\/WhatsApp-Image-2024-07-22-at-14.11.12.jpeg 1390w\" sizes=\"(max-width: 972px) 100vw, 972px\" \/><\/figure>\n\n\n\n<figure class=\"wp-block-image alignfull size-large\"><img loading=\"lazy\" decoding=\"async\" width=\"856\" height=\"1024\" src=\"https:\/\/lucianabusico.com\/wp-content\/uploads\/2024\/12\/PRIDE1-856x1024.jpg\" alt=\"\" class=\"wp-image-3729\" srcset=\"https:\/\/lucianabusico.com\/wp-content\/uploads\/2024\/12\/PRIDE1-856x1024.jpg 856w, https:\/\/lucianabusico.com\/wp-content\/uploads\/2024\/12\/PRIDE1-251x300.jpg 251w, https:\/\/lucianabusico.com\/wp-content\/uploads\/2024\/12\/PRIDE1-768x919.jpg 768w, https:\/\/lucianabusico.com\/wp-content\/uploads\/2024\/12\/PRIDE1-1283x1536.jpg 1283w, https:\/\/lucianabusico.com\/wp-content\/uploads\/2024\/12\/PRIDE1.jpg 1286w\" sizes=\"(max-width: 856px) 100vw, 856px\" \/><\/figure>\n\n\n\n<figure class=\"wp-block-image alignfull size-large\"><img loading=\"lazy\" decoding=\"async\" width=\"768\" height=\"1024\" src=\"https:\/\/lucianabusico.com\/wp-content\/uploads\/2024\/09\/IMG_2783-768x1024.jpg\" alt=\"\" class=\"wp-image-2871\" srcset=\"https:\/\/lucianabusico.com\/wp-content\/uploads\/2024\/09\/IMG_2783-768x1024.jpg 768w, https:\/\/lucianabusico.com\/wp-content\/uploads\/2024\/09\/IMG_2783-225x300.jpg 225w, https:\/\/lucianabusico.com\/wp-content\/uploads\/2024\/09\/IMG_2783-1152x1536.jpg 1152w, https:\/\/lucianabusico.com\/wp-content\/uploads\/2024\/09\/IMG_2783-1536x2048.jpg 1536w, https:\/\/lucianabusico.com\/wp-content\/uploads\/2024\/09\/IMG_2783-scaled.jpg 1920w\" sizes=\"(max-width: 768px) 100vw, 768px\" \/><\/figure>\n\n\n\n<figure class=\"wp-block-image alignfull size-large\"><img loading=\"lazy\" decoding=\"async\" width=\"681\" height=\"1024\" src=\"https:\/\/lucianabusico.com\/wp-content\/uploads\/2024\/09\/WhatsApp-Image-2024-07-22-at-13.18.51-1-681x1024.jpeg\" alt=\"\" class=\"wp-image-2902\" srcset=\"https:\/\/lucianabusico.com\/wp-content\/uploads\/2024\/09\/WhatsApp-Image-2024-07-22-at-13.18.51-1-681x1024.jpeg 681w, https:\/\/lucianabusico.com\/wp-content\/uploads\/2024\/09\/WhatsApp-Image-2024-07-22-at-13.18.51-1-199x300.jpeg 199w, https:\/\/lucianabusico.com\/wp-content\/uploads\/2024\/09\/WhatsApp-Image-2024-07-22-at-13.18.51-1-768x1155.jpeg 768w, https:\/\/lucianabusico.com\/wp-content\/uploads\/2024\/09\/WhatsApp-Image-2024-07-22-at-13.18.51-1.jpeg 851w\" sizes=\"(max-width: 681px) 100vw, 681px\" \/><\/figure>\n\n\n\n<figure class=\"wp-block-image alignfull size-large\"><img loading=\"lazy\" decoding=\"async\" width=\"768\" height=\"1024\" src=\"https:\/\/lucianabusico.com\/wp-content\/uploads\/2024\/09\/IMG_2768-768x1024.jpg\" alt=\"\" class=\"wp-image-2891\" srcset=\"https:\/\/lucianabusico.com\/wp-content\/uploads\/2024\/09\/IMG_2768-768x1024.jpg 768w, https:\/\/lucianabusico.com\/wp-content\/uploads\/2024\/09\/IMG_2768-225x300.jpg 225w, https:\/\/lucianabusico.com\/wp-content\/uploads\/2024\/09\/IMG_2768-1152x1536.jpg 1152w, https:\/\/lucianabusico.com\/wp-content\/uploads\/2024\/09\/IMG_2768-1536x2048.jpg 1536w, https:\/\/lucianabusico.com\/wp-content\/uploads\/2024\/09\/IMG_2768-scaled.jpg 1920w\" sizes=\"(max-width: 768px) 100vw, 768px\" \/><\/figure>\n\n\n\n<figure class=\"wp-block-image alignfull size-large\"><img loading=\"lazy\" decoding=\"async\" width=\"704\" height=\"1024\" src=\"https:\/\/lucianabusico.com\/wp-content\/uploads\/2024\/10\/IMG_3211-704x1024.jpeg\" alt=\"\" class=\"wp-image-3250\" srcset=\"https:\/\/lucianabusico.com\/wp-content\/uploads\/2024\/10\/IMG_3211-704x1024.jpeg 704w, https:\/\/lucianabusico.com\/wp-content\/uploads\/2024\/10\/IMG_3211-206x300.jpeg 206w, https:\/\/lucianabusico.com\/wp-content\/uploads\/2024\/10\/IMG_3211-768x1117.jpeg 768w, https:\/\/lucianabusico.com\/wp-content\/uploads\/2024\/10\/IMG_3211-1056x1536.jpeg 1056w, https:\/\/lucianabusico.com\/wp-content\/uploads\/2024\/10\/IMG_3211-1408x2048.jpeg 1408w, https:\/\/lucianabusico.com\/wp-content\/uploads\/2024\/10\/IMG_3211-scaled.jpeg 1760w\" sizes=\"(max-width: 704px) 100vw, 704px\" \/><\/figure>\n\n\n\n<figure class=\"wp-block-image alignfull size-large\"><img loading=\"lazy\" decoding=\"async\" width=\"768\" height=\"1024\" src=\"https:\/\/lucianabusico.com\/wp-content\/uploads\/2024\/10\/IMG_2772-768x1024.jpeg\" alt=\"\" class=\"wp-image-3196\" srcset=\"https:\/\/lucianabusico.com\/wp-content\/uploads\/2024\/10\/IMG_2772-768x1024.jpeg 768w, https:\/\/lucianabusico.com\/wp-content\/uploads\/2024\/10\/IMG_2772-225x300.jpeg 225w, https:\/\/lucianabusico.com\/wp-content\/uploads\/2024\/10\/IMG_2772-1152x1536.jpeg 1152w, https:\/\/lucianabusico.com\/wp-content\/uploads\/2024\/10\/IMG_2772-1536x2048.jpeg 1536w, https:\/\/lucianabusico.com\/wp-content\/uploads\/2024\/10\/IMG_2772-scaled.jpeg 1920w\" sizes=\"(max-width: 768px) 100vw, 768px\" \/><\/figure>\n\n\n\n<figure class=\"wp-block-image alignfull size-full\"><img loading=\"lazy\" decoding=\"async\" width=\"918\" height=\"673\" src=\"https:\/\/lucianabusico.com\/wp-content\/uploads\/2024\/08\/image0-1.jpeg\" alt=\"\" class=\"wp-image-2668\" srcset=\"https:\/\/lucianabusico.com\/wp-content\/uploads\/2024\/08\/image0-1.jpeg 918w, https:\/\/lucianabusico.com\/wp-content\/uploads\/2024\/08\/image0-1-300x220.jpeg 300w, https:\/\/lucianabusico.com\/wp-content\/uploads\/2024\/08\/image0-1-768x563.jpeg 768w\" sizes=\"(max-width: 918px) 100vw, 918px\" \/><\/figure>\n\n\n\n<figure class=\"wp-block-image alignfull size-full\"><img loading=\"lazy\" decoding=\"async\" width=\"771\" height=\"562\" src=\"https:\/\/lucianabusico.com\/wp-content\/uploads\/2021\/05\/neon3.jpg\" alt=\"\" class=\"wp-image-1981\" srcset=\"https:\/\/lucianabusico.com\/wp-content\/uploads\/2021\/05\/neon3.jpg 771w, https:\/\/lucianabusico.com\/wp-content\/uploads\/2021\/05\/neon3-300x219.jpg 300w, https:\/\/lucianabusico.com\/wp-content\/uploads\/2021\/05\/neon3-768x560.jpg 768w\" sizes=\"(max-width: 771px) 100vw, 771px\" \/><\/figure>\n\n\n\n<figure class=\"wp-block-image alignfull size-large\"><img loading=\"lazy\" decoding=\"async\" width=\"686\" height=\"1024\" src=\"https:\/\/lucianabusico.com\/wp-content\/uploads\/2020\/09\/ELECTRA22-686x1024.jpg\" alt=\"\" class=\"wp-image-713\" srcset=\"https:\/\/lucianabusico.com\/wp-content\/uploads\/2020\/09\/ELECTRA22-686x1024.jpg 686w, https:\/\/lucianabusico.com\/wp-content\/uploads\/2020\/09\/ELECTRA22-201x300.jpg 201w, https:\/\/lucianabusico.com\/wp-content\/uploads\/2020\/09\/ELECTRA22-768x1147.jpg 768w, https:\/\/lucianabusico.com\/wp-content\/uploads\/2020\/09\/ELECTRA22-1029x1536.jpg 1029w, https:\/\/lucianabusico.com\/wp-content\/uploads\/2020\/09\/ELECTRA22.jpg 1152w\" sizes=\"(max-width: 686px) 100vw, 686px\" \/><\/figure>\n\n\n\n<div style=\"height:168px\" aria-hidden=\"true\" class=\"wp-block-spacer\"><\/div>\n\n\n<div class=\"wp-block-image\">\n<figure class=\"aligncenter size-large is-resized\"><img loading=\"lazy\" decoding=\"async\" width=\"1024\" height=\"1024\" src=\"https:\/\/lucianabusico.com\/wp-content\/uploads\/2020\/09\/cropped-85858585-1-1024x1024.jpg\" alt=\"ARTE FLUIDO\" class=\"wp-image-3069\" style=\"width:99px;height:auto\" srcset=\"https:\/\/lucianabusico.com\/wp-content\/uploads\/2020\/09\/cropped-85858585-1-1024x1024.jpg 1024w, https:\/\/lucianabusico.com\/wp-content\/uploads\/2020\/09\/cropped-85858585-1-300x300.jpg 300w, https:\/\/lucianabusico.com\/wp-content\/uploads\/2020\/09\/cropped-85858585-1-150x150.jpg 150w, https:\/\/lucianabusico.com\/wp-content\/uploads\/2020\/09\/cropped-85858585-1-768x768.jpg 768w, https:\/\/lucianabusico.com\/wp-content\/uploads\/2020\/09\/cropped-85858585-1.jpg 1103w\" sizes=\"(max-width: 1024px) 100vw, 1024px\" \/><\/figure><\/div>\n\n\n<div style=\"height:39px\" aria-hidden=\"true\" class=\"wp-block-spacer\"><\/div>\n","protected":false},"excerpt":{"rendered":"<p>LUCIANA BUSICO ARTISTA VISUAL Filmaci\u00f3n de &#8220;Ne\u00f3n&#8221; Acr\u00edlico, tintas y aer\u00f3grafo sobre lienzo: Fragmento de &#8220;Ne\u00f3n&#8221; Acr\u00edlico y tintas sobre lienzo:<\/p>\n","protected":false},"author":1,"featured_media":0,"parent":0,"menu_order":0,"comment_status":"closed","ping_status":"closed","template":"","meta":{"footnotes":""},"_links":{"self":[{"href":"https:\/\/lucianabusico.com\/index.php\/wp-json\/wp\/v2\/pages\/653"}],"collection":[{"href":"https:\/\/lucianabusico.com\/index.php\/wp-json\/wp\/v2\/pages"}],"about":[{"href":"https:\/\/lucianabusico.com\/index.php\/wp-json\/wp\/v2\/types\/page"}],"author":[{"embeddable":true,"href":"https:\/\/lucianabusico.com\/index.php\/wp-json\/wp\/v2\/users\/1"}],"replies":[{"embeddable":true,"href":"https:\/\/lucianabusico.com\/index.php\/wp-json\/wp\/v2\/comments?post=653"}],"version-history":[{"count":971,"href":"https:\/\/lucianabusico.com\/index.php\/wp-json\/wp\/v2\/pages\/653\/revisions"}],"predecessor-version":[{"id":4028,"href":"https:\/\/lucianabusico.com\/index.php\/wp-json\/wp\/v2\/pages\/653\/revisions\/4028"}],"wp:attachment":[{"href":"https:\/\/lucianabusico.com\/index.php\/wp-json\/wp\/v2\/media?parent=653"}],"curies":[{"name":"wp","href":"https:\/\/api.w.org\/{rel}","templated":true}]}}